{"id":959,"date":"2025-06-07T20:15:21","date_gmt":"2025-06-08T00:15:21","guid":{"rendered":"https:\/\/boulangeriehumanite.com\/politique-de-confidentialite\/"},"modified":"2026-03-31T12:46:33","modified_gmt":"2026-03-31T16:46:33","slug":"politica-de-privacidad","status":"publish","type":"page","link":"https:\/\/www.boulangeriehumanite.ca\/es\/politica-de-privacidad\/","title":{"rendered":"Pol\u00edtica de Privacidad"},"content":{"rendered":"<h2>Pol\u00edtica de confidencialidad y protecci\u00f3n de informaci\u00f3n personal<\/h2>\n<p>De conformidad con la Ley 25 (RLRQ, c. P-39.1) \u2014 En vigor desde el 1 de abril de 2026<\/p>\n<h2>1. Gobernanza<\/h2>\n<p>Boulangerie Humanit\u00e9 asume sus responsabilidades en materia de protecci\u00f3n de la informaci\u00f3n personal garantizando una gobernanza adecuada en el \u00e1mbito de la privacidad. Aplica las normas establecidas en la Ley de protecci\u00f3n de la informaci\u00f3n personal en el sector privado (Ley 25) y act\u00faa con transparencia hacia los usuarios de sus servicios.<\/p>\n<h2>2. Marco jur\u00eddico<\/h2>\n<p>La presente pol\u00edtica detalla la aplicaci\u00f3n por parte de Boulangerie Humanit\u00e9 de las disposiciones de la Ley de protecci\u00f3n de la informaci\u00f3n personal en el sector privado (RLRQ, c. P-39.1), a partir del 1 de diciembre de 2023.<\/p>\n<h2>3. \u00c1mbito de aplicaci\u00f3n<\/h2>\n<p>Esta pol\u00edtica se aplica a la informaci\u00f3n personal transmitida por los usuarios a Boulangerie Humanit\u00e9, ya sea a trav\u00e9s del sitio web, formularios o en el marco de sus actividades.<\/p>\n<h2>4. Informaci\u00f3n personal<\/h2>\n<p>La informaci\u00f3n personal es aquella que concierne a una persona f\u00edsica y que permite identificarla directa o indirectamente. Por ejemplo, se considera informaci\u00f3n personal: el nombre, el g\u00e9nero, la edad, la fecha de nacimiento, el n\u00famero de tel\u00e9fono, la direcci\u00f3n postal, el correo electr\u00f3nico, los datos bancarios, un n\u00famero de tarjeta de cr\u00e9dito, una direcci\u00f3n IP y una fotograf\u00eda.<\/p>\n<h2>5. Consentimiento<\/h2>\n<p>Salvo que aplique una excepci\u00f3n legal, no se recopilar\u00e1 ninguna informaci\u00f3n personal sin haber obtenido previamente el consentimiento manifiesto, libre, informado y espec\u00edfico del usuario. Este consentimiento puede retirarse en cualquier momento.<\/p>\n<p>Cuando el usuario da su consentimiento, su informaci\u00f3n personal es utilizada por Boulangerie Humanit\u00e9 \u00fanicamente para los fines previstos en esta pol\u00edtica. Si un usuario se niega a dar su consentimiento, su informaci\u00f3n solo se utilizar\u00e1 para comunicarse con \u00e9l, a menos que una disposici\u00f3n legal permita otro uso.<\/p>\n<p>En casos limitados, el consentimiento puede ser impl\u00edcito, siempre que la informaci\u00f3n proporcionada al usuario sea clara, accesible y comprensible.<\/p>\n<h2>6. Recopilaci\u00f3n de informaci\u00f3n personal<\/h2>\n<p>Boulangerie Humanit\u00e9 recopila de cada usuario, verbalmente o por escrito, la informaci\u00f3n necesaria para:<\/p>\n<ul>\n<li>Comunicarse con los usuarios e identificar sus necesidades;<\/li>\n<li>Proporcionar servicios, productos e informaci\u00f3n;<\/li>\n<li>Permitir que socios y proveedores ofrezcan servicios pertinentes;<\/li>\n<li>Gestionar la relaci\u00f3n con el usuario;<\/li>\n<li>Cumplir con sus obligaciones legales.<\/li>\n<\/ul>\n<p>La organizaci\u00f3n tambi\u00e9n utiliza las siguientes herramientas que pueden recopilar datos de forma autom\u00e1tica:<\/p>\n<ul>\n<li><a href=\"https:\/\/marketingplatform.google.com\/about\/analytics\/\" target=\"_blank\" rel=\"noopener noreferrer\">Google Analytics<\/a> \u2014 Medici\u00f3n de audiencia y an\u00e1lisis del comportamiento de los visitantes del sitio web. Consulte la <a href=\"https:\/\/policies.google.com\/privacy\" target=\"_blank\" rel=\"noopener noreferrer\">pol\u00edtica de privacidad de Google<\/a> y la informaci\u00f3n sobre <a href=\"https:\/\/support.google.com\/analytics\/answer\/6004245\" target=\"_blank\" rel=\"noopener noreferrer\">privacidad de datos en Google Analytics<\/a>.<\/li>\n<li>WordPress \u2014 Gesti\u00f3n del contenido y los formularios del sitio web.<\/li>\n<\/ul>\n<p>Estas herramientas pueden alojar o procesar datos fuera de Quebec. En tal caso, se realiza previamente una evaluaci\u00f3n de los factores relativos a la privacidad, seg\u00fan lo exige la Ley 25.<\/p>\n<p>Los formularios de contacto del sitio incluyen una referencia a esta pol\u00edtica para informar al usuario en el momento de la recopilaci\u00f3n, de conformidad con las obligaciones de transparencia previstas por la Ley 25.<\/p>\n<h2>7. Divulgaci\u00f3n de informaci\u00f3n personal<\/h2>\n<p>Boulangerie Humanit\u00e9 mantiene la confidencialidad de la informaci\u00f3n personal y solo la comunica a terceros de conformidad con esta pol\u00edtica y la ley.<\/p>\n<p>Ocasionalmente puede compartir una lista nominal de usuarios (nombre, direcci\u00f3n, correo electr\u00f3nico, tel\u00e9fono) con socios, siempre que:<\/p>\n<ul>\n<li>Exista un contrato con el socio que especifique el uso exclusivo de los datos;<\/li>\n<li>Se haya ofrecido al usuario una opci\u00f3n de rechazo simple y gratuita;<\/li>\n<li>Ello no atente contra la privacidad.<\/li>\n<\/ul>\n<p>Los usuarios pueden negarse a que su informaci\u00f3n sea incluida en estas listas escribiendo a: <a href=\"mailto:info@boulangeriehumanite.com\">info@boulangeriehumanite.com<\/a><\/p>\n<p>Ning\u00fan dato se transmite fuera de Quebec sin una evaluaci\u00f3n de riesgos y una garant\u00eda de protecci\u00f3n equivalente.<\/p>\n<h2>8. Exactitud y conservaci\u00f3n de la informaci\u00f3n personal<\/h2>\n<p>Boulangerie Humanit\u00e9 se asegura de que la informaci\u00f3n personal en su poder sea exacta, actualizada y completa. Si se detectan errores, la organizaci\u00f3n se comunicar\u00e1 con el usuario para corregir la informaci\u00f3n e informar\u00e1 a los terceros afectados si corresponde.<\/p>\n<p>La informaci\u00f3n personal se conserva \u00fanicamente durante el tiempo necesario para los fines para los que fue recopilada. Una vez transcurrido ese per\u00edodo, los datos se destruyen, eliminan o anonimizan de forma segura.<\/p>\n<h2>9. Protecci\u00f3n de la informaci\u00f3n personal<\/h2>\n<p>Boulangerie Humanit\u00e9 aplica medidas de seguridad administrativas, tecnol\u00f3gicas y f\u00edsicas para proteger la informaci\u00f3n contra p\u00e9rdidas, robos, accesos no autorizados o divulgaciones. Esto incluye:<\/p>\n<ul>\n<li>Medidas de seguridad inform\u00e1tica;<\/li>\n<li>Sistemas de acceso restringido;<\/li>\n<li>Acuerdos de confidencialidad con empleados y proveedores.<\/li>\n<\/ul>\n<p>Los acuerdos contractuales con los proveedores tecnol\u00f3gicos especifican las obligaciones de seguridad y confidencialidad.<\/p>\n<h2>10. Acceso y rectificaci\u00f3n<\/h2>\n<p>Todo usuario puede:<\/p>\n<ul>\n<li>Solicitar acceso a su informaci\u00f3n personal;<\/li>\n<li>Solicitar la correcci\u00f3n de informaci\u00f3n inexacta o desactualizada;<\/li>\n<li>Solicitar la eliminaci\u00f3n de datos innecesarios.<\/li>\n<\/ul>\n<p>Las solicitudes deben enviarse por escrito a la persona responsable (v\u00e9ase la secci\u00f3n 11). Boulangerie Humanit\u00e9 responder\u00e1 en un plazo de 30 d\u00edas. En caso de negativa, los motivos se comunicar\u00e1n por escrito junto con los recursos disponibles.<\/p>\n<h2>11. Responsable de la protecci\u00f3n de la informaci\u00f3n personal<\/h2>\n<p>La persona responsable de la protecci\u00f3n de la informaci\u00f3n personal es:<\/p>\n<ul>\n<li>Nombre: Ana Claudia Gamboa<\/li>\n<li>T\u00edtulo: Directora de Marketing y Exportaci\u00f3n<\/li>\n<li>Correo electr\u00f3nico: <a href=\"mailto:acgamboa@boulangeriedumas.com\">acgamboa@boulangeriedumas.com<\/a><\/li>\n<\/ul>\n<h2>12. Modificaci\u00f3n de la pol\u00edtica<\/h2>\n<p>Boulangerie Humanit\u00e9 se reserva el derecho de modificar esta pol\u00edtica en cualquier momento. En caso de cambio importante, los usuarios ser\u00e1n notificados por correo electr\u00f3nico o mediante un aviso en el sitio web. Cuando sea necesario, se solicitar\u00e1 un nuevo consentimiento.<\/p>\n<h2>13. Entrada en vigor<\/h2>\n<p>La presente pol\u00edtica est\u00e1 en vigor desde el 1 de abril de 2026.<\/p>\n<h2>14. Evaluaci\u00f3n de los factores relativos a la privacidad (EFRP)<\/h2>\n<p>Antes de cualquier proyecto que implique informaci\u00f3n personal, Boulangerie Humanit\u00e9 realiza una evaluaci\u00f3n de los factores relativos a la privacidad (EFRP), en particular en los siguientes casos:<\/p>\n<ul>\n<li>Implementaci\u00f3n o modificaci\u00f3n de un sistema inform\u00e1tico o en la nube;<\/li>\n<li>Transmisi\u00f3n de datos fuera de Quebec;<\/li>\n<li>Uso de plataformas de terceros (Google Analytics, CMS, herramientas de marketing);<\/li>\n<li>Proyectos que puedan tener un impacto significativo en la privacidad.<\/li>\n<\/ul>\n<p>Las conclusiones de esta evaluaci\u00f3n permiten adoptar medidas de seguridad y cumplimiento adecuadas antes de la implementaci\u00f3n del proyecto.<\/p>\n","protected":false},"excerpt":{"rendered":"Pol\u00edtica de confidencialidad y protecci\u00f3n de informaci\u00f3n personal De conformidad con la Ley 25 (RLRQ,...","protected":false},"author":1,"featured_media":0,"parent":0,"menu_order":0,"comment_status":"closed","ping_status":"closed","template":"","meta":{"_acf_changed":false,"rs_blank_template":"","rs_page_bg_color":"","slide_template_v7":"","inline_featured_image":false,"footnotes":""},"class_list":["post-959","page","type-page","status-publish","hentry"],"acf":[],"yoast_head":"<!-- This site is optimized with the Yoast SEO plugin v27.6 - https:\/\/yoast.com\/product\/yoast-seo-wordpress\/ -->\n<title>Pol\u00edtica de Privacidad<\/title>\n<meta name=\"robots\" content=\"index, follow, max-snippet:-1, max-image-preview:large, max-video-preview:-1\" \/>\n<link rel=\"canonical\" href=\"https:\/\/www.boulangeriehumanite.ca\/es\/politica-de-privacidad\/\" \/>\n<meta property=\"og:locale\" content=\"es_ES\" \/>\n<meta property=\"og:type\" content=\"article\" \/>\n<meta property=\"og:title\" content=\"Pol\u00edtica de Privacidad\" \/>\n<meta property=\"og:description\" content=\"Pol\u00edtica de confidencialidad y protecci\u00f3n de informaci\u00f3n personal De conformidad con la Ley 25 (RLRQ, [&hellip;]\" \/>\n<meta property=\"og:url\" content=\"https:\/\/www.boulangeriehumanite.ca\/es\/politica-de-privacidad\/\" \/>\n<meta property=\"og:site_name\" content=\"Humanity Bakery\" \/>\n<meta property=\"article:modified_time\" content=\"2026-03-31T16:46:33+00:00\" \/>\n<meta name=\"twitter:card\" content=\"summary_large_image\" \/>\n<meta name=\"twitter:label1\" content=\"Tiempo de lectura\" \/>\n\t<meta name=\"twitter:data1\" content=\"6 minutos\" \/>\n<script type=\"application\/ld+json\" class=\"yoast-schema-graph\">{\"@context\":\"https:\\\/\\\/schema.org\",\"@graph\":[{\"@type\":\"WebPage\",\"@id\":\"https:\\\/\\\/www.boulangeriehumanite.ca\\\/es\\\/politica-de-privacidad\\\/\",\"url\":\"https:\\\/\\\/www.boulangeriehumanite.ca\\\/es\\\/politica-de-privacidad\\\/\",\"name\":\"Pol\u00edtica de Privacidad\",\"isPartOf\":{\"@id\":\"https:\\\/\\\/www.boulangeriehumanite.ca\\\/es\\\/#website\"},\"datePublished\":\"2025-06-08T00:15:21+00:00\",\"dateModified\":\"2026-03-31T16:46:33+00:00\",\"breadcrumb\":{\"@id\":\"https:\\\/\\\/www.boulangeriehumanite.ca\\\/es\\\/politica-de-privacidad\\\/#breadcrumb\"},\"inLanguage\":\"es\",\"potentialAction\":[{\"@type\":\"ReadAction\",\"target\":[\"https:\\\/\\\/www.boulangeriehumanite.ca\\\/es\\\/politica-de-privacidad\\\/\"]}]},{\"@type\":\"BreadcrumbList\",\"@id\":\"https:\\\/\\\/www.boulangeriehumanite.ca\\\/es\\\/politica-de-privacidad\\\/#breadcrumb\",\"itemListElement\":[{\"@type\":\"ListItem\",\"position\":1,\"name\":\"Accueil\",\"item\":\"https:\\\/\\\/www.boulangeriehumanite.ca\\\/es\\\/\"},{\"@type\":\"ListItem\",\"position\":2,\"name\":\"Pol\u00edtica de Privacidad\"}]},{\"@type\":\"WebSite\",\"@id\":\"https:\\\/\\\/www.boulangeriehumanite.ca\\\/es\\\/#website\",\"url\":\"https:\\\/\\\/www.boulangeriehumanite.ca\\\/es\\\/\",\"name\":\"Humanity Bakery\",\"description\":\"\",\"publisher\":{\"@id\":\"https:\\\/\\\/www.boulangeriehumanite.ca\\\/es\\\/#organization\"},\"potentialAction\":[{\"@type\":\"SearchAction\",\"target\":{\"@type\":\"EntryPoint\",\"urlTemplate\":\"https:\\\/\\\/www.boulangeriehumanite.ca\\\/es\\\/?s={search_term_string}\"},\"query-input\":{\"@type\":\"PropertyValueSpecification\",\"valueRequired\":true,\"valueName\":\"search_term_string\"}}],\"inLanguage\":\"es\"},{\"@type\":\"Organization\",\"@id\":\"https:\\\/\\\/www.boulangeriehumanite.ca\\\/es\\\/#organization\",\"name\":\"Humanity Bakery\",\"url\":\"https:\\\/\\\/www.boulangeriehumanite.ca\\\/es\\\/\",\"logo\":{\"@type\":\"ImageObject\",\"inLanguage\":\"es\",\"@id\":\"https:\\\/\\\/www.boulangeriehumanite.ca\\\/es\\\/#\\\/schema\\\/logo\\\/image\\\/\",\"url\":\"https:\\\/\\\/www.boulangeriehumanite.ca\\\/wp-content\\\/uploads\\\/2021\\\/08\\\/logo-boulangerie-humanite.png\",\"contentUrl\":\"https:\\\/\\\/www.boulangeriehumanite.ca\\\/wp-content\\\/uploads\\\/2021\\\/08\\\/logo-boulangerie-humanite.png\",\"width\":264,\"height\":69,\"caption\":\"Humanity Bakery\"},\"image\":{\"@id\":\"https:\\\/\\\/www.boulangeriehumanite.ca\\\/es\\\/#\\\/schema\\\/logo\\\/image\\\/\"}}]}<\/script>\n<!-- \/ Yoast SEO plugin. -->","yoast_head_json":{"title":"Pol\u00edtica de Privacidad","robots":{"index":"index","follow":"follow","max-snippet":"max-snippet:-1","max-image-preview":"max-image-preview:large","max-video-preview":"max-video-preview:-1"},"canonical":"https:\/\/www.boulangeriehumanite.ca\/es\/politica-de-privacidad\/","og_locale":"es_ES","og_type":"article","og_title":"Pol\u00edtica de Privacidad","og_description":"Pol\u00edtica de confidencialidad y protecci\u00f3n de informaci\u00f3n personal De conformidad con la Ley 25 (RLRQ, [&hellip;]","og_url":"https:\/\/www.boulangeriehumanite.ca\/es\/politica-de-privacidad\/","og_site_name":"Humanity Bakery","article_modified_time":"2026-03-31T16:46:33+00:00","twitter_card":"summary_large_image","twitter_misc":{"Tiempo de lectura":"6 minutos"},"schema":{"@context":"https:\/\/schema.org","@graph":[{"@type":"WebPage","@id":"https:\/\/www.boulangeriehumanite.ca\/es\/politica-de-privacidad\/","url":"https:\/\/www.boulangeriehumanite.ca\/es\/politica-de-privacidad\/","name":"Pol\u00edtica de Privacidad","isPartOf":{"@id":"https:\/\/www.boulangeriehumanite.ca\/es\/#website"},"datePublished":"2025-06-08T00:15:21+00:00","dateModified":"2026-03-31T16:46:33+00:00","breadcrumb":{"@id":"https:\/\/www.boulangeriehumanite.ca\/es\/politica-de-privacidad\/#breadcrumb"},"inLanguage":"es","potentialAction":[{"@type":"ReadAction","target":["https:\/\/www.boulangeriehumanite.ca\/es\/politica-de-privacidad\/"]}]},{"@type":"BreadcrumbList","@id":"https:\/\/www.boulangeriehumanite.ca\/es\/politica-de-privacidad\/#breadcrumb","itemListElement":[{"@type":"ListItem","position":1,"name":"Accueil","item":"https:\/\/www.boulangeriehumanite.ca\/es\/"},{"@type":"ListItem","position":2,"name":"Pol\u00edtica de Privacidad"}]},{"@type":"WebSite","@id":"https:\/\/www.boulangeriehumanite.ca\/es\/#website","url":"https:\/\/www.boulangeriehumanite.ca\/es\/","name":"Humanity Bakery","description":"","publisher":{"@id":"https:\/\/www.boulangeriehumanite.ca\/es\/#organization"},"potentialAction":[{"@type":"SearchAction","target":{"@type":"EntryPoint","urlTemplate":"https:\/\/www.boulangeriehumanite.ca\/es\/?s={search_term_string}"},"query-input":{"@type":"PropertyValueSpecification","valueRequired":true,"valueName":"search_term_string"}}],"inLanguage":"es"},{"@type":"Organization","@id":"https:\/\/www.boulangeriehumanite.ca\/es\/#organization","name":"Humanity Bakery","url":"https:\/\/www.boulangeriehumanite.ca\/es\/","logo":{"@type":"ImageObject","inLanguage":"es","@id":"https:\/\/www.boulangeriehumanite.ca\/es\/#\/schema\/logo\/image\/","url":"https:\/\/www.boulangeriehumanite.ca\/wp-content\/uploads\/2021\/08\/logo-boulangerie-humanite.png","contentUrl":"https:\/\/www.boulangeriehumanite.ca\/wp-content\/uploads\/2021\/08\/logo-boulangerie-humanite.png","width":264,"height":69,"caption":"Humanity Bakery"},"image":{"@id":"https:\/\/www.boulangeriehumanite.ca\/es\/#\/schema\/logo\/image\/"}}]}},"_links":{"self":[{"href":"https:\/\/www.boulangeriehumanite.ca\/es\/wp-json\/wp\/v2\/pages\/959","targetHints":{"allow":["GET"]}}],"collection":[{"href":"https:\/\/www.boulangeriehumanite.ca\/es\/wp-json\/wp\/v2\/pages"}],"about":[{"href":"https:\/\/www.boulangeriehumanite.ca\/es\/wp-json\/wp\/v2\/types\/page"}],"author":[{"embeddable":true,"href":"https:\/\/www.boulangeriehumanite.ca\/es\/wp-json\/wp\/v2\/users\/1"}],"replies":[{"embeddable":true,"href":"https:\/\/www.boulangeriehumanite.ca\/es\/wp-json\/wp\/v2\/comments?post=959"}],"version-history":[{"count":2,"href":"https:\/\/www.boulangeriehumanite.ca\/es\/wp-json\/wp\/v2\/pages\/959\/revisions"}],"predecessor-version":[{"id":1301,"href":"https:\/\/www.boulangeriehumanite.ca\/es\/wp-json\/wp\/v2\/pages\/959\/revisions\/1301"}],"wp:attachment":[{"href":"https:\/\/www.boulangeriehumanite.ca\/es\/wp-json\/wp\/v2\/media?parent=959"}],"curies":[{"name":"wp","href":"https:\/\/api.w.org\/{rel}","templated":true}]}}