{"id":599,"date":"2024-03-14T14:14:51","date_gmt":"2024-03-14T18:14:51","guid":{"rendered":"https:\/\/boulangeriehumanite.com\/food-service\/"},"modified":"2024-03-15T10:29:37","modified_gmt":"2024-03-15T14:29:37","slug":"servicio-alimentario","status":"publish","type":"page","link":"https:\/\/www.boulangeriehumanite.ca\/es\/servicio-alimentario\/","title":{"rendered":"Servicio alimentario"},"content":{"rendered":"<div class=\"wpb-content-wrapper\"><p>[vc_section][vc_row][vc_column][vc_column_text css=\u00bb.vc_custom_1710512950032{padding-top: 40px !important;padding-bottom: 20px !important;}\u00bb]<\/p>\n<p style=\"text-align: center;\">Convi\u00e9rtase en cliente<\/p>\n<p style=\"text-align: center;\">Desde hace m\u00e1s de 30 a\u00f1os, ofrecemos una experiencia inigualable, un servicio de atenci\u00f3n al cliente excepcional, una calidad impecable y una variedad de productos para satisfacer las necesidades de nuestros clientes. En Chef Dumas, nuestro objetivo es simplificarle la vida.<\/p>\n<p>[\/vc_column_text][vc_row_inner][vc_column_inner width=\u00bb1\/3&#8243;][vc_single_image image=\u00bb577&#8243; alignment=\u00bbcenter\u00bb onclick=\u00bbcustom_link\u00bb link=\u00bbhttps:\/\/www.boulangeriehumanite.ca\/wp-content\/uploads\/2024\/03\/Catalogue-Chef-Dumas-Site-web.pdf\u00bb][\/vc_column_inner][vc_column_inner width=\u00bb1\/3&#8243;][vc_single_image image=\u00bb580&#8243; alignment=\u00bbcenter\u00bb onclick=\u00bbcustom_link\u00bb link=\u00bbhttps:\/\/www.boulangeriehumanite.ca\/wp-content\/uploads\/2024\/03\/Catalogue-A2000-Site-web.pdf\u00bb][\/vc_column_inner][vc_column_inner width=\u00bb1\/3&#8243;][vc_single_image image=\u00bb583&#8243; alignment=\u00bbcenter\u00bb onclick=\u00bbcustom_link\u00bb link=\u00bbhttps:\/\/www.boulangeriehumanite.ca\/wp-content\/uploads\/2024\/03\/Catalogue-Francois-Hubert-Site-web.pdf\u00bb][\/vc_column_inner][\/vc_row_inner][\/vc_column][\/vc_row][\/vc_section]<\/p>\n<\/div>","protected":false},"excerpt":{"rendered":"[vc_section][vc_row][vc_column][vc_column_text css=\u00bb.vc_custom_1710512950032{padding-top: 40px !important;padding-bottom: 20px !important;}\u00bb] Convi\u00e9rtase en cliente Desde hace m\u00e1s de 30 a\u00f1os,...","protected":false},"author":3,"featured_media":571,"parent":0,"menu_order":0,"comment_status":"closed","ping_status":"closed","template":"","meta":{"_acf_changed":false,"rs_blank_template":"","rs_page_bg_color":"","slide_template_v7":"","inline_featured_image":false,"footnotes":""},"class_list":["post-599","page","type-page","status-publish","has-post-thumbnail","hentry"],"acf":[],"yoast_head":"<!-- This site is optimized with the Yoast SEO plugin v27.5 - https:\/\/yoast.com\/product\/yoast-seo-wordpress\/ -->\n<title>Servicio alimentario<\/title>\n<meta name=\"robots\" content=\"index, follow, max-snippet:-1, max-image-preview:large, max-video-preview:-1\" \/>\n<link rel=\"canonical\" href=\"https:\/\/www.boulangeriehumanite.ca\/es\/servicio-alimentario\/\" \/>\n<meta property=\"og:locale\" content=\"es_ES\" \/>\n<meta property=\"og:type\" content=\"article\" \/>\n<meta property=\"og:title\" content=\"Servicio alimentario\" \/>\n<meta property=\"og:description\" content=\"[vc_section][vc_row][vc_column][vc_column_text css=\u00bb.vc_custom_1710512950032{padding-top: 40px !important;padding-bottom: 20px !important;}\u00bb] Convi\u00e9rtase en cliente Desde hace m\u00e1s de 30 a\u00f1os, [&hellip;]\" \/>\n<meta property=\"og:url\" content=\"https:\/\/www.boulangeriehumanite.ca\/es\/servicio-alimentario\/\" \/>\n<meta property=\"og:site_name\" content=\"Humanity Bakery\" \/>\n<meta property=\"article:modified_time\" content=\"2024-03-15T14:29:37+00:00\" \/>\n<meta property=\"og:image\" content=\"https:\/\/www.boulangeriehumanite.ca\/wp-content\/uploads\/2024\/03\/service-alimentaire.jpg\" \/>\n\t<meta property=\"og:image:width\" content=\"2560\" \/>\n\t<meta property=\"og:image:height\" content=\"1440\" \/>\n\t<meta property=\"og:image:type\" content=\"image\/jpeg\" \/>\n<meta name=\"twitter:card\" content=\"summary_large_image\" \/>\n<meta name=\"twitter:label1\" content=\"Tiempo de lectura\" \/>\n\t<meta name=\"twitter:data1\" content=\"1 minuto\" \/>\n<script type=\"application\/ld+json\" class=\"yoast-schema-graph\">{\"@context\":\"https:\\\/\\\/schema.org\",\"@graph\":[{\"@type\":\"WebPage\",\"@id\":\"https:\\\/\\\/www.boulangeriehumanite.ca\\\/es\\\/servicio-alimentario\\\/\",\"url\":\"https:\\\/\\\/www.boulangeriehumanite.ca\\\/es\\\/servicio-alimentario\\\/\",\"name\":\"Servicio alimentario\",\"isPartOf\":{\"@id\":\"https:\\\/\\\/www.boulangeriehumanite.ca\\\/es\\\/#website\"},\"primaryImageOfPage\":{\"@id\":\"https:\\\/\\\/www.boulangeriehumanite.ca\\\/es\\\/servicio-alimentario\\\/#primaryimage\"},\"image\":{\"@id\":\"https:\\\/\\\/www.boulangeriehumanite.ca\\\/es\\\/servicio-alimentario\\\/#primaryimage\"},\"thumbnailUrl\":\"https:\\\/\\\/www.boulangeriehumanite.ca\\\/wp-content\\\/uploads\\\/2024\\\/03\\\/service-alimentaire.jpg\",\"datePublished\":\"2024-03-14T18:14:51+00:00\",\"dateModified\":\"2024-03-15T14:29:37+00:00\",\"breadcrumb\":{\"@id\":\"https:\\\/\\\/www.boulangeriehumanite.ca\\\/es\\\/servicio-alimentario\\\/#breadcrumb\"},\"inLanguage\":\"es\",\"potentialAction\":[{\"@type\":\"ReadAction\",\"target\":[\"https:\\\/\\\/www.boulangeriehumanite.ca\\\/es\\\/servicio-alimentario\\\/\"]}]},{\"@type\":\"ImageObject\",\"inLanguage\":\"es\",\"@id\":\"https:\\\/\\\/www.boulangeriehumanite.ca\\\/es\\\/servicio-alimentario\\\/#primaryimage\",\"url\":\"https:\\\/\\\/www.boulangeriehumanite.ca\\\/wp-content\\\/uploads\\\/2024\\\/03\\\/service-alimentaire.jpg\",\"contentUrl\":\"https:\\\/\\\/www.boulangeriehumanite.ca\\\/wp-content\\\/uploads\\\/2024\\\/03\\\/service-alimentaire.jpg\",\"width\":2560,\"height\":1440},{\"@type\":\"BreadcrumbList\",\"@id\":\"https:\\\/\\\/www.boulangeriehumanite.ca\\\/es\\\/servicio-alimentario\\\/#breadcrumb\",\"itemListElement\":[{\"@type\":\"ListItem\",\"position\":1,\"name\":\"Accueil\",\"item\":\"https:\\\/\\\/www.boulangeriehumanite.ca\\\/es\\\/\"},{\"@type\":\"ListItem\",\"position\":2,\"name\":\"Servicio alimentario\"}]},{\"@type\":\"WebSite\",\"@id\":\"https:\\\/\\\/www.boulangeriehumanite.ca\\\/es\\\/#website\",\"url\":\"https:\\\/\\\/www.boulangeriehumanite.ca\\\/es\\\/\",\"name\":\"Humanity Bakery\",\"description\":\"\",\"publisher\":{\"@id\":\"https:\\\/\\\/www.boulangeriehumanite.ca\\\/es\\\/#organization\"},\"potentialAction\":[{\"@type\":\"SearchAction\",\"target\":{\"@type\":\"EntryPoint\",\"urlTemplate\":\"https:\\\/\\\/www.boulangeriehumanite.ca\\\/es\\\/?s={search_term_string}\"},\"query-input\":{\"@type\":\"PropertyValueSpecification\",\"valueRequired\":true,\"valueName\":\"search_term_string\"}}],\"inLanguage\":\"es\"},{\"@type\":\"Organization\",\"@id\":\"https:\\\/\\\/www.boulangeriehumanite.ca\\\/es\\\/#organization\",\"name\":\"Humanity Bakery\",\"url\":\"https:\\\/\\\/www.boulangeriehumanite.ca\\\/es\\\/\",\"logo\":{\"@type\":\"ImageObject\",\"inLanguage\":\"es\",\"@id\":\"https:\\\/\\\/www.boulangeriehumanite.ca\\\/es\\\/#\\\/schema\\\/logo\\\/image\\\/\",\"url\":\"https:\\\/\\\/www.boulangeriehumanite.ca\\\/wp-content\\\/uploads\\\/2021\\\/08\\\/logo-boulangerie-humanite.png\",\"contentUrl\":\"https:\\\/\\\/www.boulangeriehumanite.ca\\\/wp-content\\\/uploads\\\/2021\\\/08\\\/logo-boulangerie-humanite.png\",\"width\":264,\"height\":69,\"caption\":\"Humanity Bakery\"},\"image\":{\"@id\":\"https:\\\/\\\/www.boulangeriehumanite.ca\\\/es\\\/#\\\/schema\\\/logo\\\/image\\\/\"}}]}<\/script>\n<!-- \/ Yoast SEO plugin. -->","yoast_head_json":{"title":"Servicio alimentario","robots":{"index":"index","follow":"follow","max-snippet":"max-snippet:-1","max-image-preview":"max-image-preview:large","max-video-preview":"max-video-preview:-1"},"canonical":"https:\/\/www.boulangeriehumanite.ca\/es\/servicio-alimentario\/","og_locale":"es_ES","og_type":"article","og_title":"Servicio alimentario","og_description":"[vc_section][vc_row][vc_column][vc_column_text css=\u00bb.vc_custom_1710512950032{padding-top: 40px !important;padding-bottom: 20px !important;}\u00bb] Convi\u00e9rtase en cliente Desde hace m\u00e1s de 30 a\u00f1os, [&hellip;]","og_url":"https:\/\/www.boulangeriehumanite.ca\/es\/servicio-alimentario\/","og_site_name":"Humanity Bakery","article_modified_time":"2024-03-15T14:29:37+00:00","og_image":[{"width":2560,"height":1440,"url":"https:\/\/www.boulangeriehumanite.ca\/wp-content\/uploads\/2024\/03\/service-alimentaire.jpg","type":"image\/jpeg"}],"twitter_card":"summary_large_image","twitter_misc":{"Tiempo de lectura":"1 minuto"},"schema":{"@context":"https:\/\/schema.org","@graph":[{"@type":"WebPage","@id":"https:\/\/www.boulangeriehumanite.ca\/es\/servicio-alimentario\/","url":"https:\/\/www.boulangeriehumanite.ca\/es\/servicio-alimentario\/","name":"Servicio alimentario","isPartOf":{"@id":"https:\/\/www.boulangeriehumanite.ca\/es\/#website"},"primaryImageOfPage":{"@id":"https:\/\/www.boulangeriehumanite.ca\/es\/servicio-alimentario\/#primaryimage"},"image":{"@id":"https:\/\/www.boulangeriehumanite.ca\/es\/servicio-alimentario\/#primaryimage"},"thumbnailUrl":"https:\/\/www.boulangeriehumanite.ca\/wp-content\/uploads\/2024\/03\/service-alimentaire.jpg","datePublished":"2024-03-14T18:14:51+00:00","dateModified":"2024-03-15T14:29:37+00:00","breadcrumb":{"@id":"https:\/\/www.boulangeriehumanite.ca\/es\/servicio-alimentario\/#breadcrumb"},"inLanguage":"es","potentialAction":[{"@type":"ReadAction","target":["https:\/\/www.boulangeriehumanite.ca\/es\/servicio-alimentario\/"]}]},{"@type":"ImageObject","inLanguage":"es","@id":"https:\/\/www.boulangeriehumanite.ca\/es\/servicio-alimentario\/#primaryimage","url":"https:\/\/www.boulangeriehumanite.ca\/wp-content\/uploads\/2024\/03\/service-alimentaire.jpg","contentUrl":"https:\/\/www.boulangeriehumanite.ca\/wp-content\/uploads\/2024\/03\/service-alimentaire.jpg","width":2560,"height":1440},{"@type":"BreadcrumbList","@id":"https:\/\/www.boulangeriehumanite.ca\/es\/servicio-alimentario\/#breadcrumb","itemListElement":[{"@type":"ListItem","position":1,"name":"Accueil","item":"https:\/\/www.boulangeriehumanite.ca\/es\/"},{"@type":"ListItem","position":2,"name":"Servicio alimentario"}]},{"@type":"WebSite","@id":"https:\/\/www.boulangeriehumanite.ca\/es\/#website","url":"https:\/\/www.boulangeriehumanite.ca\/es\/","name":"Humanity Bakery","description":"","publisher":{"@id":"https:\/\/www.boulangeriehumanite.ca\/es\/#organization"},"potentialAction":[{"@type":"SearchAction","target":{"@type":"EntryPoint","urlTemplate":"https:\/\/www.boulangeriehumanite.ca\/es\/?s={search_term_string}"},"query-input":{"@type":"PropertyValueSpecification","valueRequired":true,"valueName":"search_term_string"}}],"inLanguage":"es"},{"@type":"Organization","@id":"https:\/\/www.boulangeriehumanite.ca\/es\/#organization","name":"Humanity Bakery","url":"https:\/\/www.boulangeriehumanite.ca\/es\/","logo":{"@type":"ImageObject","inLanguage":"es","@id":"https:\/\/www.boulangeriehumanite.ca\/es\/#\/schema\/logo\/image\/","url":"https:\/\/www.boulangeriehumanite.ca\/wp-content\/uploads\/2021\/08\/logo-boulangerie-humanite.png","contentUrl":"https:\/\/www.boulangeriehumanite.ca\/wp-content\/uploads\/2021\/08\/logo-boulangerie-humanite.png","width":264,"height":69,"caption":"Humanity Bakery"},"image":{"@id":"https:\/\/www.boulangeriehumanite.ca\/es\/#\/schema\/logo\/image\/"}}]}},"_links":{"self":[{"href":"https:\/\/www.boulangeriehumanite.ca\/es\/wp-json\/wp\/v2\/pages\/599","targetHints":{"allow":["GET"]}}],"collection":[{"href":"https:\/\/www.boulangeriehumanite.ca\/es\/wp-json\/wp\/v2\/pages"}],"about":[{"href":"https:\/\/www.boulangeriehumanite.ca\/es\/wp-json\/wp\/v2\/types\/page"}],"author":[{"embeddable":true,"href":"https:\/\/www.boulangeriehumanite.ca\/es\/wp-json\/wp\/v2\/users\/3"}],"replies":[{"embeddable":true,"href":"https:\/\/www.boulangeriehumanite.ca\/es\/wp-json\/wp\/v2\/comments?post=599"}],"version-history":[{"count":3,"href":"https:\/\/www.boulangeriehumanite.ca\/es\/wp-json\/wp\/v2\/pages\/599\/revisions"}],"predecessor-version":[{"id":604,"href":"https:\/\/www.boulangeriehumanite.ca\/es\/wp-json\/wp\/v2\/pages\/599\/revisions\/604"}],"wp:featuredmedia":[{"embeddable":true,"href":"https:\/\/www.boulangeriehumanite.ca\/es\/wp-json\/wp\/v2\/media\/571"}],"wp:attachment":[{"href":"https:\/\/www.boulangeriehumanite.ca\/es\/wp-json\/wp\/v2\/media?parent=599"}],"curies":[{"name":"wp","href":"https:\/\/api.w.org\/{rel}","templated":true}]}}