{"id":248,"date":"2021-08-16T15:31:23","date_gmt":"2021-08-16T19:31:23","guid":{"rendered":"https:\/\/boulangeriehumanite.com\/boulangerie-humanite\/"},"modified":"2024-01-31T12:36:03","modified_gmt":"2024-01-31T17:36:03","slug":"panaderia-humanidad","status":"publish","type":"page","link":"https:\/\/www.boulangeriehumanite.ca\/es\/","title":{"rendered":"Panader\u00eda Humanidad"},"content":{"rendered":"<div class=\"wpb-content-wrapper\"><p>[vc_section el_id=\u00bba-propos\u00bb css=\u00bb.vc_custom_1629132828853{padding-top: 75px !important;padding-bottom: 60px !important;}\u00bb][vc_row css_animation=\u00bbfadeInUp\u00bb][vc_column][vc_column_text]<\/p>\n<h2>ACERCA DE<\/h2>\n<p>[\/vc_column_text][vc_column_text el_class=\u00bbtext-27&#8243;]Panader\u00eda Humanidad es una familia numerosa y sin pretensiones que re\u00fane a empresas con una gran experiencia en el campo de la panader\u00eda: Aliments 2000, Chef Dumas y Fran\u00e7ois Hubert ofrecen una gama de productos de panader\u00eda y pasteler\u00eda en todos los supermercados y para todas las empresas de catering.[\/vc_column_text][vc_column_text el_class=\u00bbtext-27&#8243;]El saber hacer de nuestros artesanos se basa en el desarrollo sostenible y el crecimiento sano y equilibrado. Al enfocarse en el respeto por el medio ambiente y las personas, Panader\u00eda Humanidad seguir\u00e1 creciendo hasta convertirse en el l\u00edder en alimentos en Estados Unidos.[\/vc_column_text][\/vc_column][\/vc_row][\/vc_section][vc_section full_width=\u00bbstretch_row_content\u00bb el_id=\u00bbmission\u00bb css=\u00bb.vc_custom_1629136693331{padding-top: 0px !important;padding-bottom: 60px !important;}\u00bb][vc_row equal_height=\u00bbyes\u00bb content_placement=\u00bbmiddle\u00bb css_animation=\u00bbfadeInUp\u00bb css=\u00bb.vc_custom_1629137662024{padding-top: 0px !important;padding-right: 0px !important;padding-bottom: 0px !important;padding-left: 0px !important;background-color: #f9f7e8 !important;}\u00bb el_class=\u00bbreverse-responsive\u00bb][vc_column width=\u00bb1\/2&#8243; css=\u00bb.vc_custom_1629137329054{padding-top: 0px !important;padding-right: 0px !important;padding-bottom: 0px !important;padding-left: 0px !important;}\u00bb el_class=\u00bbimg-col-height-fit\u00bb][vc_images_carousel images=\u00bb58,49,52,55&#8243; img_size=\u00bbfull\u00bb onclick=\u00bblink_no\u00bb speed=\u00bb3000&#8243; autoplay=\u00bbyes\u00bb hide_pagination_control=\u00bbyes\u00bb hide_prev_next_buttons=\u00bbyes\u00bb wrap=\u00bbyes\u00bb css=\u00bb.vc_custom_1629137685276{margin-top: 0px !important;margin-right: 0px !important;margin-bottom: 0px !important;margin-left: 0px !important;padding-top: 0px !important;padding-right: 0px !important;padding-bottom: 0px !important;padding-left: 0px !important;}\u00bb][\/vc_column][vc_column width=\u00bb1\/2&#8243; css=\u00bb.vc_custom_1629137524895{padding-top: 0px !important;}\u00bb el_class=\u00bbcol-50&#8243;][vc_row_inner][vc_column_inner width=\u00bb1\/12&#8243;][\/vc_column_inner][vc_column_inner width=\u00bb11\/12&#8243;][vc_column_text]<\/p>\n<h2>MISI\u00d3N<\/h2>\n<p>[\/vc_column_text][vc_column_text el_class=\u00bbtext-27&#8243;]\u00bb\u00a1Tu puedes hacerlo! \u00bb,<br \/>\nEsa es la misi\u00f3n de Panader\u00eda Humanidad para apoyar a todas las familias en los placeres de la mesa. \u00a1Quien come bien, vive plenamente![\/vc_column_text][\/vc_column_inner][\/vc_row_inner][vc_single_image image=\u00bb108&#8243; img_size=\u00bbfull\u00bb el_class=\u00bbabsolute-image\u00bb css=\u00bb.vc_custom_1629139327476{margin-bottom: 0px !important;}\u00bb][\/vc_column][\/vc_row][\/vc_section][vc_section el_id=\u00bbportfolio\u00bb css=\u00bb.vc_custom_1629140245936{margin-bottom: 75px !important;padding-top: 35px !important;}\u00bb][vc_row][vc_column][vc_column_text css_animation=\u00bbfadeInUp\u00bb el_class=\u00bbtext-27&#8243;]<\/p>\n<p style=\"text-align: center;\">La cartera de Panader\u00eda Humanidad es amplia en empresas de panader\u00eda y pasteler\u00eda especializadas en todo Quebec. Quienes los conocen no pueden prescindir de ellos.<\/p>\n<p>[\/vc_column_text][vc_row_inner css=\u00bb.vc_custom_1645928966648{margin-top: 100px !important;}\u00bb el_class=\u00bbd-flex justify-content-space-around\u00bb][vc_column_inner width=\u00bb1\/3&#8243; css=\u00bb.vc_custom_1629139162532{padding-bottom: 35px !important;}\u00bb][vc_single_image image=\u00bb398&#8243; img_size=\u00bbfull\u00bb alignment=\u00bbcenter\u00bb onclick=\u00bbcustom_link\u00bb img_link_target=\u00bb_blank\u00bb css_animation=\u00bbfadeInUp\u00bb link=\u00bbhttps:\/\/pate2000.com\/\u00bb][vc_column_text]<\/p>\n<h3 style=\"text-align: center;\">P\u00e2te 2000<\/h3>\n<p>[\/vc_column_text][vc_column_text]<\/p>\n<p style=\"text-align: center;\">P\u00e2te 2000 ofrece bases y tapas para tartas, masas de pizza, cortezas, salsas y otros productos relacionados para facilitarle la vida.<\/p>\n<p>[\/vc_column_text][vc_btn title=\u00bbDescubrir\u00bb align=\u00bbcenter\u00bb css_animation=\u00bbfadeInLeft\u00bb el_class=\u00bbmma-btn-p\u00bb link=\u00bburl:https%3A%2F%2Fpate2000.com%2F|target:_blank\u00bb][\/vc_column_inner][vc_column_inner el_class=\u00bbmti-mobile\u00bb width=\u00bb1\/3&#8243; css=\u00bb.vc_custom_1645928951736{padding-bottom: 35px !important;}\u00bb][vc_single_image image=\u00bb395&#8243; img_size=\u00bbfull\u00bb alignment=\u00bbcenter\u00bb onclick=\u00bbcustom_link\u00bb img_link_target=\u00bb_blank\u00bb css_animation=\u00bbfadeInUp\u00bb link=\u00bbhttps:\/\/www.boulangeriedumas.com\/\u00bb][vc_column_text]<\/p>\n<h3 style=\"text-align: center;\">Chef Dumas<\/h3>\n<p>[\/vc_column_text][vc_column_text]<\/p>\n<p style=\"text-align: center;\">Nuestros croissants, vol-au-vent y hojaldre son bases sencillas y deliciosas para su comida. Tan pronto como salen de su empaque, est\u00e1n listos para integrar su receta.<\/p>\n<p>[\/vc_column_text][vc_btn title=\u00bbDescubrir\u00bb align=\u00bbcenter\u00bb css_animation=\u00bbfadeInUp\u00bb el_class=\u00bbmma-btn-p\u00bb link=\u00bburl:https%3A%2F%2Fwww.boulangeriedumas.com%2F|target:_blank\u00bb][\/vc_column_inner][\/vc_row_inner][vc_row_inner css=\u00bb.vc_custom_1645928970172{margin-top: 100px !important;}\u00bb el_class=\u00bbd-flex justify-content-space-around\u00bb][vc_column_inner el_class=\u00bbmti-mobile\u00bb width=\u00bb1\/3&#8243; css=\u00bb.vc_custom_1645928947491{padding-bottom: 35px !important;}\u00bb][vc_single_image image=\u00bb392&#8243; img_size=\u00bbfull\u00bb alignment=\u00bbcenter\u00bb onclick=\u00bbcustom_link\u00bb img_link_target=\u00bb_blank\u00bb css_animation=\u00bbfadeInUp\u00bb link=\u00bbhttps:\/\/www.francois-hubert.ca\/\u00bb][vc_column_text]<\/p>\n<h3 style=\"text-align: center;\">Chef Fran\u00e7ois Hubert<\/h3>\n<p>[\/vc_column_text][vc_column_text]<\/p>\n<p style=\"text-align: center;\">El chef Fran\u00e7ois Hubert es una divisi\u00f3n de P\u00e2tes de l&#8217;\u00cele que se especializa en bolas de pizza, pizzas finas, masas para pasteles y cortezas.<\/p>\n<p>[\/vc_column_text][vc_btn title=\u00bbDescubrir\u00bb align=\u00bbcenter\u00bb css_animation=\u00bbfadeInUp\u00bb el_class=\u00bbmma-btn-p\u00bb link=\u00bburl:https%3A%2F%2Fwww.francois-hubert.ca%2F|target:_blank\u00bb][\/vc_column_inner][vc_column_inner width=\u00bb1\/3&#8243; css=\u00bb.vc_custom_1629139171681{padding-bottom: 35px !important;}\u00bb][\/vc_column_inner][\/vc_row_inner][\/vc_column][\/vc_row][\/vc_section]<\/p>\n<\/div>","protected":false},"excerpt":{"rendered":"[vc_section el_id=\u00bba-propos\u00bb css=\u00bb.vc_custom_1629132828853{padding-top: 75px !important;padding-bottom: 60px !important;}\u00bb][vc_row css_animation=\u00bbfadeInUp\u00bb][vc_column][vc_column_text] ACERCA DE [\/vc_column_text][vc_column_text el_class=\u00bbtext-27&#8243;]Panader\u00eda Humanidad es una...","protected":false},"author":1,"featured_media":0,"parent":0,"menu_order":-100,"comment_status":"closed","ping_status":"closed","template":"","meta":{"_acf_changed":false,"rs_blank_template":"","rs_page_bg_color":"","slide_template_v7":"","inline_featured_image":false,"footnotes":""},"class_list":["post-248","page","type-page","status-publish","hentry"],"acf":[],"yoast_head":"<!-- This site is optimized with the Yoast SEO plugin v27.6 - https:\/\/yoast.com\/product\/yoast-seo-wordpress\/ -->\n<title>Panader\u00eda Humanidad<\/title>\n<meta name=\"robots\" content=\"index, follow, max-snippet:-1, max-image-preview:large, max-video-preview:-1\" \/>\n<link rel=\"canonical\" href=\"https:\/\/www.boulangeriehumanite.ca\/es\/\" \/>\n<meta property=\"og:locale\" content=\"es_ES\" \/>\n<meta property=\"og:type\" content=\"article\" \/>\n<meta property=\"og:title\" content=\"Panader\u00eda Humanidad\" \/>\n<meta property=\"og:description\" content=\"[vc_section el_id=\u00bba-propos\u00bb css=\u00bb.vc_custom_1629132828853{padding-top: 75px !important;padding-bottom: 60px !important;}\u00bb][vc_row css_animation=\u00bbfadeInUp\u00bb][vc_column][vc_column_text] ACERCA DE [\/vc_column_text][vc_column_text el_class=\u00bbtext-27&#8243;]Panader\u00eda Humanidad es una [&hellip;]\" \/>\n<meta property=\"og:url\" content=\"https:\/\/www.boulangeriehumanite.ca\/es\/\" \/>\n<meta property=\"og:site_name\" content=\"Humanity Bakery\" \/>\n<meta property=\"article:modified_time\" content=\"2024-01-31T17:36:03+00:00\" \/>\n<meta name=\"twitter:card\" content=\"summary_large_image\" \/>\n<meta name=\"twitter:label1\" content=\"Tiempo de lectura\" \/>\n\t<meta name=\"twitter:data1\" content=\"4 minutos\" \/>\n<script type=\"application\/ld+json\" class=\"yoast-schema-graph\">{\"@context\":\"https:\\\/\\\/schema.org\",\"@graph\":[{\"@type\":\"WebPage\",\"@id\":\"https:\\\/\\\/www.boulangeriehumanite.ca\\\/es\\\/\",\"url\":\"https:\\\/\\\/www.boulangeriehumanite.ca\\\/es\\\/\",\"name\":\"Panader\u00eda Humanidad\",\"isPartOf\":{\"@id\":\"https:\\\/\\\/www.boulangeriehumanite.ca\\\/es\\\/#website\"},\"datePublished\":\"2021-08-16T19:31:23+00:00\",\"dateModified\":\"2024-01-31T17:36:03+00:00\",\"breadcrumb\":{\"@id\":\"https:\\\/\\\/www.boulangeriehumanite.ca\\\/es\\\/#breadcrumb\"},\"inLanguage\":\"es\",\"potentialAction\":[{\"@type\":\"ReadAction\",\"target\":[\"https:\\\/\\\/www.boulangeriehumanite.ca\\\/es\\\/\"]}]},{\"@type\":\"BreadcrumbList\",\"@id\":\"https:\\\/\\\/www.boulangeriehumanite.ca\\\/es\\\/#breadcrumb\",\"itemListElement\":[{\"@type\":\"ListItem\",\"position\":1,\"name\":\"Accueil\",\"item\":\"https:\\\/\\\/www.boulangeriehumanite.ca\\\/es\\\/\"},{\"@type\":\"ListItem\",\"position\":2,\"name\":\"Panader\u00eda Humanidad\"}]},{\"@type\":\"WebSite\",\"@id\":\"https:\\\/\\\/www.boulangeriehumanite.ca\\\/es\\\/#website\",\"url\":\"https:\\\/\\\/www.boulangeriehumanite.ca\\\/es\\\/\",\"name\":\"Humanity Bakery\",\"description\":\"\",\"publisher\":{\"@id\":\"https:\\\/\\\/www.boulangeriehumanite.ca\\\/es\\\/#organization\"},\"potentialAction\":[{\"@type\":\"SearchAction\",\"target\":{\"@type\":\"EntryPoint\",\"urlTemplate\":\"https:\\\/\\\/www.boulangeriehumanite.ca\\\/es\\\/?s={search_term_string}\"},\"query-input\":{\"@type\":\"PropertyValueSpecification\",\"valueRequired\":true,\"valueName\":\"search_term_string\"}}],\"inLanguage\":\"es\"},{\"@type\":\"Organization\",\"@id\":\"https:\\\/\\\/www.boulangeriehumanite.ca\\\/es\\\/#organization\",\"name\":\"Humanity Bakery\",\"url\":\"https:\\\/\\\/www.boulangeriehumanite.ca\\\/es\\\/\",\"logo\":{\"@type\":\"ImageObject\",\"inLanguage\":\"es\",\"@id\":\"https:\\\/\\\/www.boulangeriehumanite.ca\\\/es\\\/#\\\/schema\\\/logo\\\/image\\\/\",\"url\":\"https:\\\/\\\/www.boulangeriehumanite.ca\\\/wp-content\\\/uploads\\\/2021\\\/08\\\/logo-boulangerie-humanite.png\",\"contentUrl\":\"https:\\\/\\\/www.boulangeriehumanite.ca\\\/wp-content\\\/uploads\\\/2021\\\/08\\\/logo-boulangerie-humanite.png\",\"width\":264,\"height\":69,\"caption\":\"Humanity Bakery\"},\"image\":{\"@id\":\"https:\\\/\\\/www.boulangeriehumanite.ca\\\/es\\\/#\\\/schema\\\/logo\\\/image\\\/\"}}]}<\/script>\n<!-- \/ Yoast SEO plugin. -->","yoast_head_json":{"title":"Panader\u00eda Humanidad","robots":{"index":"index","follow":"follow","max-snippet":"max-snippet:-1","max-image-preview":"max-image-preview:large","max-video-preview":"max-video-preview:-1"},"canonical":"https:\/\/www.boulangeriehumanite.ca\/es\/","og_locale":"es_ES","og_type":"article","og_title":"Panader\u00eda Humanidad","og_description":"[vc_section el_id=\u00bba-propos\u00bb css=\u00bb.vc_custom_1629132828853{padding-top: 75px !important;padding-bottom: 60px !important;}\u00bb][vc_row css_animation=\u00bbfadeInUp\u00bb][vc_column][vc_column_text] ACERCA DE [\/vc_column_text][vc_column_text el_class=\u00bbtext-27&#8243;]Panader\u00eda Humanidad es una [&hellip;]","og_url":"https:\/\/www.boulangeriehumanite.ca\/es\/","og_site_name":"Humanity Bakery","article_modified_time":"2024-01-31T17:36:03+00:00","twitter_card":"summary_large_image","twitter_misc":{"Tiempo de lectura":"4 minutos"},"schema":{"@context":"https:\/\/schema.org","@graph":[{"@type":"WebPage","@id":"https:\/\/www.boulangeriehumanite.ca\/es\/","url":"https:\/\/www.boulangeriehumanite.ca\/es\/","name":"Panader\u00eda Humanidad","isPartOf":{"@id":"https:\/\/www.boulangeriehumanite.ca\/es\/#website"},"datePublished":"2021-08-16T19:31:23+00:00","dateModified":"2024-01-31T17:36:03+00:00","breadcrumb":{"@id":"https:\/\/www.boulangeriehumanite.ca\/es\/#breadcrumb"},"inLanguage":"es","potentialAction":[{"@type":"ReadAction","target":["https:\/\/www.boulangeriehumanite.ca\/es\/"]}]},{"@type":"BreadcrumbList","@id":"https:\/\/www.boulangeriehumanite.ca\/es\/#breadcrumb","itemListElement":[{"@type":"ListItem","position":1,"name":"Accueil","item":"https:\/\/www.boulangeriehumanite.ca\/es\/"},{"@type":"ListItem","position":2,"name":"Panader\u00eda Humanidad"}]},{"@type":"WebSite","@id":"https:\/\/www.boulangeriehumanite.ca\/es\/#website","url":"https:\/\/www.boulangeriehumanite.ca\/es\/","name":"Humanity Bakery","description":"","publisher":{"@id":"https:\/\/www.boulangeriehumanite.ca\/es\/#organization"},"potentialAction":[{"@type":"SearchAction","target":{"@type":"EntryPoint","urlTemplate":"https:\/\/www.boulangeriehumanite.ca\/es\/?s={search_term_string}"},"query-input":{"@type":"PropertyValueSpecification","valueRequired":true,"valueName":"search_term_string"}}],"inLanguage":"es"},{"@type":"Organization","@id":"https:\/\/www.boulangeriehumanite.ca\/es\/#organization","name":"Humanity Bakery","url":"https:\/\/www.boulangeriehumanite.ca\/es\/","logo":{"@type":"ImageObject","inLanguage":"es","@id":"https:\/\/www.boulangeriehumanite.ca\/es\/#\/schema\/logo\/image\/","url":"https:\/\/www.boulangeriehumanite.ca\/wp-content\/uploads\/2021\/08\/logo-boulangerie-humanite.png","contentUrl":"https:\/\/www.boulangeriehumanite.ca\/wp-content\/uploads\/2021\/08\/logo-boulangerie-humanite.png","width":264,"height":69,"caption":"Humanity Bakery"},"image":{"@id":"https:\/\/www.boulangeriehumanite.ca\/es\/#\/schema\/logo\/image\/"}}]}},"_links":{"self":[{"href":"https:\/\/www.boulangeriehumanite.ca\/es\/wp-json\/wp\/v2\/pages\/248","targetHints":{"allow":["GET"]}}],"collection":[{"href":"https:\/\/www.boulangeriehumanite.ca\/es\/wp-json\/wp\/v2\/pages"}],"about":[{"href":"https:\/\/www.boulangeriehumanite.ca\/es\/wp-json\/wp\/v2\/types\/page"}],"author":[{"embeddable":true,"href":"https:\/\/www.boulangeriehumanite.ca\/es\/wp-json\/wp\/v2\/users\/1"}],"replies":[{"embeddable":true,"href":"https:\/\/www.boulangeriehumanite.ca\/es\/wp-json\/wp\/v2\/comments?post=248"}],"version-history":[{"count":11,"href":"https:\/\/www.boulangeriehumanite.ca\/es\/wp-json\/wp\/v2\/pages\/248\/revisions"}],"predecessor-version":[{"id":551,"href":"https:\/\/www.boulangeriehumanite.ca\/es\/wp-json\/wp\/v2\/pages\/248\/revisions\/551"}],"wp:attachment":[{"href":"https:\/\/www.boulangeriehumanite.ca\/es\/wp-json\/wp\/v2\/media?parent=248"}],"curies":[{"name":"wp","href":"https:\/\/api.w.org\/{rel}","templated":true}]}}